{"id":763,"date":"2024-10-02T13:47:04","date_gmt":"2024-10-02T13:47:04","guid":{"rendered":"https:\/\/ries-equipment.com\/?page_id=763"},"modified":"2024-10-28T17:22:58","modified_gmt":"2024-10-28T17:22:58","slug":"beratung","status":"publish","type":"page","link":"https:\/\/ries-equipment.com\/de\/beratung\/","title":{"rendered":"Beratung"},"content":{"rendered":"\t\t<div data-elementor-type=\"wp-page\" data-elementor-id=\"763\" class=\"elementor elementor-763\" data-elementor-post-type=\"page\">\n\t\t\t\t<div class=\"elementor-element elementor-element-377ffa4 elementor-hidden-desktop elementor-hidden-tablet e-flex e-con-boxed e-con e-parent\" data-id=\"377ffa4\" data-element_type=\"container\" data-e-type=\"container\" data-settings=\"{&quot;background_background&quot;:&quot;classic&quot;}\">\n\t\t\t\t\t<div class=\"e-con-inner\">\n\t\t<div class=\"elementor-element elementor-element-c5b30fa e-con-full e-flex e-con e-child\" data-id=\"c5b30fa\" data-element_type=\"container\" data-e-type=\"container\">\n\t\t\t\t<div class=\"elementor-element elementor-element-011e67e elementor-widget elementor-widget-heading\" data-id=\"011e67e\" data-element_type=\"widget\" data-e-type=\"widget\" data-widget_type=\"heading.default\">\n\t\t\t\t<div class=\"elementor-widget-container\">\n\t\t\t\t\t<h1 class=\"elementor-heading-title elementor-size-default\">Beratung<\/h1>\t\t\t\t<\/div>\n\t\t\t\t<\/div>\n\t\t\t\t<\/div>\n\t\t\t\t\t<\/div>\n\t\t\t\t<\/div>\n\t\t<div class=\"elementor-element elementor-element-d5c4178 e-flex e-con-boxed e-con e-parent\" data-id=\"d5c4178\" data-element_type=\"container\" data-e-type=\"container\">\n\t\t\t\t\t<div class=\"e-con-inner\">\n\t\t<div class=\"elementor-element elementor-element-c3304a0 e-con-full e-flex e-con e-child\" data-id=\"c3304a0\" data-element_type=\"container\" data-e-type=\"container\">\n\t\t\t\t<div class=\"elementor-element elementor-element-6c208ad elementor-widget elementor-widget-heading\" data-id=\"6c208ad\" data-element_type=\"widget\" data-e-type=\"widget\" data-widget_type=\"heading.default\">\n\t\t\t\t<div class=\"elementor-widget-container\">\n\t\t\t\t\t<h2 class=\"elementor-heading-title elementor-size-default\">Haben Sie komplexe Spezial- oder Schwertransportprojekte?<\/h2>\t\t\t\t<\/div>\n\t\t\t\t<\/div>\n\t\t\t\t<div class=\"elementor-element elementor-element-c4a7fa3 elementor-widget elementor-widget-text-editor\" data-id=\"c4a7fa3\" data-element_type=\"widget\" data-e-type=\"widget\" data-widget_type=\"text-editor.default\">\n\t\t\t\t<div class=\"elementor-widget-container\">\n\t\t\t\t\t\t\t\t\tWir verf\u00fcgen \u00fcber praktische Erfahrungen in den Bereichen Gesch\u00e4ftsentwicklung und Projektlogistik und k\u00f6nnen Sie technisch und kaufm\u00e4nnisch beraten, damit Sie jedes Projekt sicher, effizient und wirtschaftlich meistern.\t\t\t\t\t\t\t\t<\/div>\n\t\t\t\t<\/div>\n\t\t\t\t<div class=\"elementor-element elementor-element-b12345d elementor-widget elementor-widget-heading\" data-id=\"b12345d\" data-element_type=\"widget\" data-e-type=\"widget\" data-widget_type=\"heading.default\">\n\t\t\t\t<div class=\"elementor-widget-container\">\n\t\t\t\t\t<h2 class=\"elementor-heading-title elementor-size-default\"><span style=\"text-decoration: underline\">Anwendungsbereiche:<\/span><\/h2>\t\t\t\t<\/div>\n\t\t\t\t<\/div>\n\t\t\t\t<div class=\"elementor-element elementor-element-c6994da elementor-widget elementor-widget-text-editor\" data-id=\"c6994da\" data-element_type=\"widget\" data-e-type=\"widget\" data-widget_type=\"text-editor.default\">\n\t\t\t\t<div class=\"elementor-widget-container\">\n\t\t\t\t\t\t\t\t\tInfrastrukturprojekte, Windenergie, Industrieanlagen, Bergbau, Petrochemie, Energiewirtschaft, Hafen- und Werftlogistik.\t\t\t\t\t\t\t\t<\/div>\n\t\t\t\t<\/div>\n\t\t\t\t<div class=\"elementor-element elementor-element-65d7ee2 elementor-widget elementor-widget-heading\" data-id=\"65d7ee2\" data-element_type=\"widget\" data-e-type=\"widget\" data-widget_type=\"heading.default\">\n\t\t\t\t<div class=\"elementor-widget-container\">\n\t\t\t\t\t<h2 class=\"elementor-heading-title elementor-size-default\">Warum Ries Equipment?<\/h2>\t\t\t\t<\/div>\n\t\t\t\t<\/div>\n\t\t\t\t<div class=\"elementor-element elementor-element-e3921a9 elementor-widget elementor-widget-text-editor\" data-id=\"e3921a9\" data-element_type=\"widget\" data-e-type=\"widget\" data-widget_type=\"text-editor.default\">\n\t\t\t\t<div class=\"elementor-widget-container\">\n\t\t\t\t\t\t\t\t\t<ul><li>Erfahrung und Know-how.<\/li><li>Ma\u00dfgeschneiderte L\u00f6sungen f\u00fcr Ihr Projekt.<\/li><li>Verl\u00e4sslichkeit und Kompetenz.<\/li><\/ul>\t\t\t\t\t\t\t\t<\/div>\n\t\t\t\t<\/div>\n\t\t\t\t<\/div>\n\t\t<div class=\"elementor-element elementor-element-8d1ece3 e-con-full e-flex e-con e-child\" data-id=\"8d1ece3\" data-element_type=\"container\" data-e-type=\"container\">\n\t\t\t\t<div class=\"elementor-element elementor-element-706f095 elementor-widget elementor-widget-image\" data-id=\"706f095\" data-element_type=\"widget\" data-e-type=\"widget\" data-widget_type=\"image.default\">\n\t\t\t\t<div class=\"elementor-widget-container\">\n\t\t\t\t\t\t\t\t\t\t\t\t\t\t\t<img fetchpriority=\"high\" decoding=\"async\" width=\"800\" height=\"420\" src=\"https:\/\/ries-equipment.com\/de\/wp-content\/uploads\/2024\/10\/consultoria-2.png\" class=\"attachment-large size-large wp-image-1031\" alt=\"\" srcset=\"https:\/\/ries-equipment.com\/de\/wp-content\/uploads\/2024\/10\/consultoria-2.png 805w, https:\/\/ries-equipment.com\/de\/wp-content\/uploads\/2024\/10\/consultoria-2-300x158.png 300w, https:\/\/ries-equipment.com\/de\/wp-content\/uploads\/2024\/10\/consultoria-2-768x404.png 768w, https:\/\/ries-equipment.com\/de\/wp-content\/uploads\/2024\/10\/consultoria-2-600x315.png 600w\" sizes=\"(max-width: 800px) 100vw, 800px\" \/>\t\t\t\t\t\t\t\t\t\t\t\t\t\t\t<\/div>\n\t\t\t\t<\/div>\n\t\t\t\t<div class=\"elementor-element elementor-element-050c4d3 elementor-widget elementor-widget-image\" data-id=\"050c4d3\" data-element_type=\"widget\" data-e-type=\"widget\" data-widget_type=\"image.default\">\n\t\t\t\t<div class=\"elementor-widget-container\">\n\t\t\t\t\t\t\t\t\t\t\t\t\t\t\t<img decoding=\"async\" width=\"800\" height=\"420\" src=\"https:\/\/ries-equipment.com\/de\/wp-content\/uploads\/2024\/10\/consultoria-3.png\" class=\"attachment-large size-large wp-image-1030\" alt=\"\" srcset=\"https:\/\/ries-equipment.com\/de\/wp-content\/uploads\/2024\/10\/consultoria-3.png 805w, https:\/\/ries-equipment.com\/de\/wp-content\/uploads\/2024\/10\/consultoria-3-300x158.png 300w, https:\/\/ries-equipment.com\/de\/wp-content\/uploads\/2024\/10\/consultoria-3-768x404.png 768w, https:\/\/ries-equipment.com\/de\/wp-content\/uploads\/2024\/10\/consultoria-3-600x315.png 600w\" sizes=\"(max-width: 800px) 100vw, 800px\" \/>\t\t\t\t\t\t\t\t\t\t\t\t\t\t\t<\/div>\n\t\t\t\t<\/div>\n\t\t\t\t<\/div>\n\t\t\t\t\t<\/div>\n\t\t\t\t<\/div>\n\t\t\t\t<\/div>\n\t\t","protected":false},"excerpt":{"rendered":"<p>Beratung Haben Sie komplexe Spezial- oder Schwertransportprojekte? Wir verf\u00fcgen \u00fcber praktische Erfahrungen in den Bereichen Gesch\u00e4ftsentwicklung und Projektlogistik und k\u00f6nnen Sie technisch und kaufm\u00e4nnisch beraten, damit Sie jedes Projekt sicher, effizient und wirtschaftlich meistern. Anwendungsbereiche: Infrastrukturprojekte, Windenergie, Industrieanlagen, Bergbau, Petrochemie, Energiewirtschaft, Hafen- und Werftlogistik. Warum Ries Equipment? Erfahrung und Know-how. Ma\u00dfgeschneiderte L\u00f6sungen f\u00fcr Ihr Projekt. [&hellip;]<\/p>\n","protected":false},"author":1,"featured_media":0,"parent":0,"menu_order":0,"comment_status":"closed","ping_status":"closed","template":"elementor_header_footer","meta":{"_joinchat":[],"footnotes":""},"class_list":["post-763","page","type-page","status-publish","hentry"],"_links":{"self":[{"href":"https:\/\/ries-equipment.com\/de\/wp-json\/wp\/v2\/pages\/763","targetHints":{"allow":["GET"]}}],"collection":[{"href":"https:\/\/ries-equipment.com\/de\/wp-json\/wp\/v2\/pages"}],"about":[{"href":"https:\/\/ries-equipment.com\/de\/wp-json\/wp\/v2\/types\/page"}],"author":[{"embeddable":true,"href":"https:\/\/ries-equipment.com\/de\/wp-json\/wp\/v2\/users\/1"}],"replies":[{"embeddable":true,"href":"https:\/\/ries-equipment.com\/de\/wp-json\/wp\/v2\/comments?post=763"}],"version-history":[{"count":0,"href":"https:\/\/ries-equipment.com\/de\/wp-json\/wp\/v2\/pages\/763\/revisions"}],"wp:attachment":[{"href":"https:\/\/ries-equipment.com\/de\/wp-json\/wp\/v2\/media?parent=763"}],"curies":[{"name":"wp","href":"https:\/\/api.w.org\/{rel}","templated":true}]}}