{"id":701,"date":"2024-10-01T23:11:35","date_gmt":"2024-10-01T23:11:35","guid":{"rendered":"https:\/\/ries-equipment.com\/?page_id=701"},"modified":"2026-02-20T16:16:12","modified_gmt":"2026-02-20T16:16:12","slug":"uber-uns","status":"publish","type":"page","link":"https:\/\/ries-equipment.com\/de\/uber-uns\/","title":{"rendered":"\u00dcber uns"},"content":{"rendered":"\t\t<div data-elementor-type=\"wp-page\" data-elementor-id=\"701\" class=\"elementor elementor-701\" data-elementor-post-type=\"page\">\n\t\t\t\t<div class=\"elementor-element elementor-element-538029c elementor-hidden-desktop elementor-hidden-tablet e-flex e-con-boxed e-con e-parent\" data-id=\"538029c\" data-element_type=\"container\" data-e-type=\"container\" data-settings=\"{&quot;background_background&quot;:&quot;classic&quot;}\">\n\t\t\t\t\t<div class=\"e-con-inner\">\n\t\t<div class=\"elementor-element elementor-element-1a6169a e-con-full e-flex e-con e-child\" data-id=\"1a6169a\" data-element_type=\"container\" data-e-type=\"container\">\n\t\t\t\t<div class=\"elementor-element elementor-element-b717c3f elementor-widget elementor-widget-heading\" data-id=\"b717c3f\" data-element_type=\"widget\" data-e-type=\"widget\" data-widget_type=\"heading.default\">\n\t\t\t\t<div class=\"elementor-widget-container\">\n\t\t\t\t\t<h1 class=\"elementor-heading-title elementor-size-default\">\u00dcber uns<\/h1>\t\t\t\t<\/div>\n\t\t\t\t<\/div>\n\t\t\t\t<\/div>\n\t\t\t\t\t<\/div>\n\t\t\t\t<\/div>\n\t\t<div class=\"elementor-element elementor-element-0a09d0a e-flex e-con-boxed e-con e-parent\" data-id=\"0a09d0a\" data-element_type=\"container\" data-e-type=\"container\">\n\t\t\t\t\t<div class=\"e-con-inner\">\n\t\t<div class=\"elementor-element elementor-element-270ddb5 e-con-full e-flex e-con e-child\" data-id=\"270ddb5\" data-element_type=\"container\" data-e-type=\"container\">\n\t\t\t\t<div class=\"elementor-element elementor-element-04b057b elementor-widget elementor-widget-text-editor\" data-id=\"04b057b\" data-element_type=\"widget\" data-e-type=\"widget\" data-widget_type=\"text-editor.default\">\n\t\t\t\t<div class=\"elementor-widget-container\">\n\t\t\t\t\t\t\t\t\t<p>Mit \u00fcber 18 Jahren fundierter Vertriebserfahrung in den Bereichen Mobil- und Raupenkrane (Liebherr Group) sowie Schwer- und Spezialtransportfahrzeuge (Goldhofer AG), verbunden mit umfassender Projekterfahrung bei Kran- und Schwerlastunternehmen, sind wir Ihr spezialisierter, kompetenter und verl\u00e4sslicher Gesch\u00e4ftspartner.<\/p><p>Mit tiefgreifendem Branchenwissen und einem klaren Fokus auf innovative Gesamtl\u00f6sungen verkaufen und vermitteln wir engagiert hochwertige Investitionsg\u00fcter, Nutzfahrzeuge sowie verwandte Maschinen und Ausr\u00fcstungen \u2013 zuverl\u00e4ssig und stets mit dem Ziel, den maximalen Erfolg Ihrer Projekte zu sichern.<\/p><p>Wir bieten unseren Kunden eine umfassende Auswahl an Neu- und Gebrauchtfahrzeugen aller Marken, individuell auf ihre Bed\u00fcrfnisse abgestimmt. Unsere reibungslose Kaufabwicklung und Unterst\u00fctzung bei der weltweiten Verschiffung sind f\u00fcr uns selbstverst\u00e4ndlich.<\/p><p>Wir freuen uns auf lhre Anfrage.<\/p>\t\t\t\t\t\t\t\t<\/div>\n\t\t\t\t<\/div>\n\t\t\t\t<\/div>\n\t\t<div class=\"elementor-element elementor-element-ea05698 e-con-full e-flex e-con e-child\" data-id=\"ea05698\" data-element_type=\"container\" data-e-type=\"container\">\n\t\t\t\t<div class=\"elementor-element elementor-element-118d079 elementor-widget elementor-widget-image\" data-id=\"118d079\" data-element_type=\"widget\" data-e-type=\"widget\" data-widget_type=\"image.default\">\n\t\t\t\t<div class=\"elementor-widget-container\">\n\t\t\t\t\t\t\t\t\t\t\t\t\t\t\t<img fetchpriority=\"high\" decoding=\"async\" width=\"800\" height=\"1065\" src=\"https:\/\/ries-equipment.com\/de\/wp-content\/uploads\/2024\/10\/Georg-CEO.jpg\" class=\"attachment-full size-full wp-image-709\" alt=\"\" srcset=\"https:\/\/ries-equipment.com\/de\/wp-content\/uploads\/2024\/10\/Georg-CEO.jpg 800w, https:\/\/ries-equipment.com\/de\/wp-content\/uploads\/2024\/10\/Georg-CEO-225x300.jpg 225w, https:\/\/ries-equipment.com\/de\/wp-content\/uploads\/2024\/10\/Georg-CEO-769x1024.jpg 769w, https:\/\/ries-equipment.com\/de\/wp-content\/uploads\/2024\/10\/Georg-CEO-768x1022.jpg 768w, https:\/\/ries-equipment.com\/de\/wp-content\/uploads\/2024\/10\/Georg-CEO-600x799.jpg 600w\" sizes=\"(max-width: 800px) 100vw, 800px\" \/>\t\t\t\t\t\t\t\t\t\t\t\t\t\t\t<\/div>\n\t\t\t\t<\/div>\n\t\t\t\t<div class=\"elementor-element elementor-element-6f06d93 elementor-widget elementor-widget-heading\" data-id=\"6f06d93\" data-element_type=\"widget\" data-e-type=\"widget\" data-widget_type=\"heading.default\">\n\t\t\t\t<div class=\"elementor-widget-container\">\n\t\t\t\t\t<h2 class=\"elementor-heading-title elementor-size-default\">Georg Ries, CEO<br>Diplom-Ingenieur (FH)<\/h2>\t\t\t\t<\/div>\n\t\t\t\t<\/div>\n\t\t\t\t<\/div>\n\t\t\t\t\t<\/div>\n\t\t\t\t<\/div>\n\t\t\t\t<\/div>\n\t\t","protected":false},"excerpt":{"rendered":"<p>\u00dcber uns Mit \u00fcber 18 Jahren fundierter Vertriebserfahrung in den Bereichen Mobil- und Raupenkrane (Liebherr Group) sowie Schwer- und Spezialtransportfahrzeuge (Goldhofer AG), verbunden mit umfassender Projekterfahrung bei Kran- und Schwerlastunternehmen, sind wir Ihr spezialisierter, kompetenter und verl\u00e4sslicher Gesch\u00e4ftspartner. Mit tiefgreifendem Branchenwissen und einem klaren Fokus auf innovative Gesamtl\u00f6sungen verkaufen und vermitteln wir engagiert hochwertige Investitionsg\u00fcter, [&hellip;]<\/p>\n","protected":false},"author":1,"featured_media":0,"parent":0,"menu_order":0,"comment_status":"closed","ping_status":"closed","template":"elementor_header_footer","meta":{"_joinchat":[],"footnotes":""},"class_list":["post-701","page","type-page","status-publish","hentry"],"_links":{"self":[{"href":"https:\/\/ries-equipment.com\/de\/wp-json\/wp\/v2\/pages\/701","targetHints":{"allow":["GET"]}}],"collection":[{"href":"https:\/\/ries-equipment.com\/de\/wp-json\/wp\/v2\/pages"}],"about":[{"href":"https:\/\/ries-equipment.com\/de\/wp-json\/wp\/v2\/types\/page"}],"author":[{"embeddable":true,"href":"https:\/\/ries-equipment.com\/de\/wp-json\/wp\/v2\/users\/1"}],"replies":[{"embeddable":true,"href":"https:\/\/ries-equipment.com\/de\/wp-json\/wp\/v2\/comments?post=701"}],"version-history":[{"count":6,"href":"https:\/\/ries-equipment.com\/de\/wp-json\/wp\/v2\/pages\/701\/revisions"}],"predecessor-version":[{"id":2729,"href":"https:\/\/ries-equipment.com\/de\/wp-json\/wp\/v2\/pages\/701\/revisions\/2729"}],"wp:attachment":[{"href":"https:\/\/ries-equipment.com\/de\/wp-json\/wp\/v2\/media?parent=701"}],"curies":[{"name":"wp","href":"https:\/\/api.w.org\/{rel}","templated":true}]}}