{"id":1200,"date":"2024-10-07T20:22:32","date_gmt":"2024-10-07T20:22:32","guid":{"rendered":"https:\/\/ries-equipment.com\/?page_id=1200"},"modified":"2024-11-01T18:41:37","modified_gmt":"2024-11-01T18:41:37","slug":"terminos-y-condiciones","status":"publish","type":"page","link":"https:\/\/ries-equipment.com\/de\/terminos-y-condiciones\/","title":{"rendered":"T\u00e9rminos y Condiciones"},"content":{"rendered":"\t\t<div data-elementor-type=\"wp-page\" data-elementor-id=\"1200\" class=\"elementor elementor-1200\" data-elementor-post-type=\"page\">\n\t\t\t\t<div class=\"elementor-element elementor-element-9535fa1 e-flex e-con-boxed e-con e-parent\" data-id=\"9535fa1\" data-element_type=\"container\" data-e-type=\"container\">\n\t\t\t\t\t<div class=\"e-con-inner\">\n\t\t\t\t<div class=\"elementor-element elementor-element-5edd6ce elementor-widget elementor-widget-heading\" data-id=\"5edd6ce\" data-element_type=\"widget\" data-e-type=\"widget\" data-widget_type=\"heading.default\">\n\t\t\t\t<div class=\"elementor-widget-container\">\n\t\t\t\t\t<h1 class=\"elementor-heading-title elementor-size-default\">T\u00e9rminos y condiciones<\/h1>\t\t\t\t<\/div>\n\t\t\t\t<\/div>\n\t\t\t\t\t<\/div>\n\t\t\t\t<\/div>\n\t\t<div class=\"elementor-element elementor-element-3c2df17 e-flex e-con-boxed e-con e-parent\" data-id=\"3c2df17\" data-element_type=\"container\" data-e-type=\"container\">\n\t\t\t\t\t<div class=\"e-con-inner\">\n\t\t\t\t<div class=\"elementor-element elementor-element-fe2ad03 elementor-widget elementor-widget-text-editor\" data-id=\"fe2ad03\" data-element_type=\"widget\" data-e-type=\"widget\" data-widget_type=\"text-editor.default\">\n\t\t\t\t<div class=\"elementor-widget-container\">\n\t\t\t\t\t\t\t\t\t<p><u>I. Informaci\u00f3n general<\/u><\/p><p>Nuestras Condiciones Generales que figuran a continuaci\u00f3n forman parte integrante de todos nuestros contratos de suministro de veh\u00edculos y maquinaria de construcci\u00f3n, semirremolques y remolques nuevos y usados a empresarios. Las Condiciones Generales se aplican a todas las relaciones comerciales actuales y futuras con el cliente.<\/p><p>Por la presente nos oponemos expresamente a la inclusi\u00f3n de condiciones generales del cliente divergentes o complementarias. \u00c9stas no formar\u00e1n parte del contrato a menos que reconozcamos expresamente por escrito la validez de las condiciones generales del cliente.<\/p><p><u>II. Celebraci\u00f3n del contrato<\/u><\/p><p>1. Nuestras ofertas para la venta de veh\u00edculos, maquinaria de construcci\u00f3n, semirremolques y remolques se realizan a trav\u00e9s de diversas plataformas en Internet. Nuestras ofertas est\u00e1n sujetas a cambios. Nos reservamos el derecho a realizar modificaciones t\u00e9cnicas en los veh\u00edculos nuevos dentro de unos l\u00edmites razonables para el cliente.<\/p><p>2. Sobre la base de un pedido verbal, telef\u00f3nico, escrito o t\u00e9lex\/electr\u00f3nico realizado por el cliente, emitiremos inicialmente al cliente una confirmaci\u00f3n de reserva, que, sin embargo, no constituye todav\u00eda una aceptaci\u00f3n vinculante del pedido del cliente. Por el contrario, el veh\u00edculo, m\u00e1quina, etc. queda reservado para el cliente hasta la fecha especificada por nosotros en la confirmaci\u00f3n de reserva.<\/p><p>El contrato de compra s\u00f3lo tendr\u00e1 validez legal una vez que se haya abonado \u00edntegramente el precio de compra especificado en la confirmaci\u00f3n de la reserva y nosotros hayamos aceptado dicho pago dentro del plazo de reserva. Si no recibimos el precio de compra hasta despu\u00e9s del periodo de reserva, nos reservamos el derecho de reembolsar el precio de compra y rechazar la oferta.<\/p><p>3. Si el cliente no ha abonado el precio de compra en la fecha indicada en la confirmaci\u00f3n de la reserva, dejaremos de estar obligados por el pedido del cliente. En su lugar, podremos volver a ofrecer el veh\u00edculo\/m\u00e1quina\/art\u00edculo, etc. a la venta a terceros sin restricci\u00f3n alguna. Una vez transcurrido el plazo de aceptaci\u00f3n, queda excluida cualquier reclamaci\u00f3n de indemnizaci\u00f3n por parte del cliente, sea del tipo que sea.<\/p><p>El comprador est\u00e1 obligado a pagar el objeto de la compra en su totalidad dentro del plazo de reserva especificado. En caso de impago, el vendedor podr\u00e1 ejercer sus derechos legales y retener las cantidades abonadas en concepto de dep\u00f3sito hasta el 10% del precio de compra acordado.<\/p><p>4. Las ofertas de veh\u00edculos, m\u00e1quinas, etc. realizadas por nosotros en las distintas plataformas de Internet o de cualquier otro modo verbalmente o por escrito no contienen ninguna garant\u00eda sobre la integridad y exactitud de la respectiva descripci\u00f3n, por lo que no pueden excluirse errores. El estado del objeto de compra en el momento de la inspecci\u00f3n por parte del comprador es determinante para el contenido del contrato y el estado del objeto de compra.<\/p><p>5. Los suplementos, modificaciones o acuerdos accesorios al contrato de compra requieren nuestra confirmaci\u00f3n por escrito para ser efectivos.<\/p><p>En la venta de veh\u00edculos o m\u00e1quinas a estrenar se aplicar\u00e1n las descripciones t\u00e9cnicas y especificaciones de equipamiento del fabricante.<\/p><p><u>III. Precios<\/u><\/p><p>1. Los precios indicados por nosotros son precios netos. Si, en el caso de un precio fijo acordado, aumentan los precios de los proveedores anteriores para el veh\u00edculo o la m\u00e1quina que se nos ha encargado, etc., tendremos derecho a aumentar el precio fijo de la misma forma con respecto a estos costes m\u00e1s elevados de los proveedores. Si el contrato de compra de un veh\u00edculo o una m\u00e1quina no se concluye inmediatamente en el momento de la recogida y no se paga inmediatamente en efectivo, sino que se ha acordado un plazo de entrega m\u00e1s largo para la entrega de un veh\u00edculo nuevo o una m\u00e1quina nueva en particular y notificamos al cliente un aumento significativo del precio en comparaci\u00f3n con el precio establecido en el contrato de compra debido a precios m\u00e1s altos del proveedor, el cliente tendr\u00e1 derecho a rescindir el contrato en un plazo de dos semanas a partir de la recepci\u00f3n de la notificaci\u00f3n del aumento del precio.<\/p><p>2. El cliente deber\u00e1 pagar el precio acordado con \u00e9l inmediatamente despu\u00e9s de la aceptaci\u00f3n del veh\u00edculo, m\u00e1quina, etc. Si se ha llegado a un acuerdo de pago por separado con el cliente en casos individuales y si el cliente incumple su obligaci\u00f3n de pago, tendremos derecho a cobrar al cliente intereses de demora por un importe de 9 puntos porcentuales por encima del tipo de inter\u00e9s b\u00e1sico. No obstante, nos reservamos el derecho a demostrar un mayor perjuicio causado por el impago al cliente y a hacer valer una reclamaci\u00f3n contra el cliente.<\/p><p>El cliente es libre de demostrar un perjuicio inferior. Si se establece un acuerdo de pago a plazos con el cliente, tenemos derecho a rescindir este acuerdo de pago a plazos con el cliente y a exigir el pago inmediato del importe restante del pr\u00e9stamo si el cliente se retrasa en el pago de un importe superior al de un plazo.<\/p><p>Independientemente de ello, tenemos derecho a rescindir el contrato de compra y reclamar el objeto de la compra sobre la base de nuestra reserva de dominio si el cliente se retrasa en el pago de un importe superior a una cuota y no salda la deuda a pesar de nuestro recordatorio de pago con un plazo de dos semanas. Adem\u00e1s, tenemos derecho a reclamar otros da\u00f1os y perjuicios por incumplimiento.<\/p><p><u>IV. Entrega, plazo de entrega, transferencia del riesgo<\/u><\/p><p>1. Las fechas o plazos de entrega s\u00f3lo se aplicar\u00e1n si se han acordado con nosotros por escrito. Si a pesar de todos los esfuerzos no pudi\u00e9ramos cumplir con la entrega acordada u otras obligaciones de prestaci\u00f3n, el cliente deber\u00e1 concedernos un plazo razonable, de al menos cuatro semanas, para el cumplimiento posterior. S\u00f3lo podr\u00e1 hacer valer los derechos derivados de este contrato tras la expiraci\u00f3n infructuosa de este plazo de gracia. Adem\u00e1s de la entrega, el cliente s\u00f3lo podr\u00e1 exigir una indemnizaci\u00f3n por los da\u00f1os causados por el retraso si somos culpables de dolo o negligencia grave.<\/p><p>2. Si nuestro cumplimiento contractual se hace imposible o excesivamente dif\u00edcil debido a fuerza mayor, medidas oficiales, cese de operaciones, huelga o circunstancias similares -tambi\u00e9n en nuestros proveedores-, quedaremos liberados de la obligaci\u00f3n de entrega y cumplimiento durante el tiempo que dure el impedimento y sus efectos posteriores, de modo que las obligaciones de entrega y cumplimiento acordadas se prorrogar\u00e1n en consecuencia. Estos acontecimientos tambi\u00e9n nos dar\u00e1n derecho a rescindir el contrato. En caso de falta de entrega o de entrega insuficiente a nuestro cliente, nos comprometemos a ceder nuestras reclamaciones contra nuestros proveedores al cliente a petici\u00f3n de \u00e9ste.<\/p><p>3. El riesgo de p\u00e9rdida accidental o deterioro accidental de los veh\u00edculos, m\u00e1quinas, etc. entregados por nosotros pasar\u00e1 al cliente en el momento de la entrega al cliente. En caso de transporte o env\u00edo, el riesgo pasar\u00e1 al cliente en el momento de la entrega a la agencia de transportes o al transportista.<\/p><p>4. Los datos de las descripciones v\u00e1lidas en el momento de la celebraci\u00f3n del contrato sobre el aspecto, el rendimiento, las dimensiones y los pesos, el consumo de combustible, los costes de funcionamiento con respecto al objeto de compra s\u00f3lo deben considerarse aproximados y no corresponden a un acuerdo sobre la calidad. Esto tambi\u00e9n se aplica a la informaci\u00f3n que figura en la factura entregada con el veh\u00edculo o la m\u00e1quina.<\/p><p><u>V. Aceptaci\u00f3n<\/u><\/p><p>1. El cliente est\u00e1 obligado a someter el veh\u00edculo o la m\u00e1quina solicitados a una inspecci\u00f3n externa exhaustiva en el plazo de tres d\u00edas laborables a partir de la recepci\u00f3n de la confirmaci\u00f3n de reserva u otra notificaci\u00f3n de que el objeto de compra ha sido puesto a disposici\u00f3n.<\/p><p>2. El cliente deber\u00e1 notificarnos por escrito\/por t\u00e9lex o electr\u00f3nicamente cualquier defecto evidente o desviaci\u00f3n evidente del objeto de compra ofertado y concedernos un plazo razonable para subsanar el defecto evidente o la desviaci\u00f3n evidente.<\/p><p><u>VI Garant\u00eda<\/u><\/p><p>Lo siguiente se aplica a la venta de veh\u00edculos usados o m\u00e1quinas usadas:<\/p><p>&#8211; El veh\u00edculo usado o el objeto de compra usado se vende bajo exclusi\u00f3n de cualquier garant\u00eda.<\/p><p>&#8211; La lectura del veloc\u00edmetro o del cuentahoras no garantiza el kilometraje del veh\u00edculo o de la m\u00e1quina.<\/p><p><u>VII Desistimiento<\/u><\/p><p>Si una de las partes tiene derecho a rescindir el contrato y as\u00ed lo declara, los pagos efectuados por el comprador se reembolsar\u00e1n sin intereses, previa deducci\u00f3n de las posibles contrademandas.<\/p><p><u>VIII Reserva de propiedad<\/u><\/p><p>El objeto de compra entregado por nosotros seguir\u00e1 siendo de nuestra propiedad hasta el cumplimiento \u00edntegro de todas las obligaciones del cliente derivadas de la relaci\u00f3n comercial en curso con nosotros. El cliente estar\u00e1 obligado a salvaguardar nuestra propiedad en consecuencia incluso si el objeto de compra no est\u00e1 destinado directamente al cliente, sino a un tercero, a quien el cliente tambi\u00e9n deber\u00e1 advertir expresamente de nuestra reserva de dominio. El cliente deber\u00e1 tratar el objeto de compra con cuidado debido a nuestra reserva de propiedad. Est\u00e1 obligado a notificarnos inmediatamente cualquier cambio de su domicilio social y cualquier cambio de ubicaci\u00f3n del objeto de compra hasta que se haya efectuado el pago completo y a permitirnos el acceso al objeto de compra en cualquier momento. En caso de acceso por parte de terceros, el cliente deber\u00e1 se\u00f1alar nuestra propiedad. Deber\u00e1 informarnos inmediatamente por escrito de cualquier embargo real o legal del objeto de compra por parte de terceros, as\u00ed como de cualquier da\u00f1o o p\u00e9rdida del objeto de compra. En caso de embargo, se nos deber\u00e1 presentar el protocolo de embargo o la orden de embargo. El cliente nos reembolsar\u00e1 los costes de las intervenciones necesarias.<\/p><p><u>IX Varios<\/u><\/p><p>1. En la medida en que determinadas disposiciones de nuestras Condiciones Generales de Contrataci\u00f3n sean total o parcialmente inv\u00e1lidas o nulas, ello no afectar\u00e1 a la validez de las restantes disposiciones. La disposici\u00f3n total o parcialmente inv\u00e1lida ser\u00e1 sustituida por una disposici\u00f3n cuyo \u00e9xito econ\u00f3mico se aproxime lo m\u00e1s posible al de la disposici\u00f3n inv\u00e1lida.<\/p><p>2. La relaci\u00f3n contractual con nuestros clientes se regir\u00e1 exclusivamente por la legislaci\u00f3n paname\u00f1a. Queda excluida la aplicaci\u00f3n del derecho internacional de compraventa, en particular la Convenci\u00f3n de las Naciones Unidas sobre los Contratos de Compraventa Internacional de Mercader\u00edas. Para los clientes que sean comerciantes registrados, personas jur\u00eddicas de derecho p\u00fablico o fondos especiales de derecho p\u00fablico, el lugar de cumplimiento y jurisdicci\u00f3n ser\u00e1 la ubicaci\u00f3n de nuestro domicilio social en Panam\u00e1.<\/p>\t\t\t\t\t\t\t\t<\/div>\n\t\t\t\t<\/div>\n\t\t\t\t\t<\/div>\n\t\t\t\t<\/div>\n\t\t\t\t<\/div>\n\t\t","protected":false},"excerpt":{"rendered":"<p>T\u00e9rminos y condiciones I. Informaci\u00f3n general Nuestras Condiciones Generales que figuran a continuaci\u00f3n forman parte integrante de todos nuestros contratos de suministro de veh\u00edculos y maquinaria de construcci\u00f3n, semirremolques y remolques nuevos y usados a empresarios. Las Condiciones Generales se aplican a todas las relaciones comerciales actuales y futuras con el cliente. Por la presente [&hellip;]<\/p>\n","protected":false},"author":1,"featured_media":0,"parent":0,"menu_order":0,"comment_status":"closed","ping_status":"closed","template":"elementor_header_footer","meta":{"_joinchat":[],"footnotes":""},"class_list":["post-1200","page","type-page","status-publish","hentry"],"_links":{"self":[{"href":"https:\/\/ries-equipment.com\/de\/wp-json\/wp\/v2\/pages\/1200","targetHints":{"allow":["GET"]}}],"collection":[{"href":"https:\/\/ries-equipment.com\/de\/wp-json\/wp\/v2\/pages"}],"about":[{"href":"https:\/\/ries-equipment.com\/de\/wp-json\/wp\/v2\/types\/page"}],"author":[{"embeddable":true,"href":"https:\/\/ries-equipment.com\/de\/wp-json\/wp\/v2\/users\/1"}],"replies":[{"embeddable":true,"href":"https:\/\/ries-equipment.com\/de\/wp-json\/wp\/v2\/comments?post=1200"}],"version-history":[{"count":0,"href":"https:\/\/ries-equipment.com\/de\/wp-json\/wp\/v2\/pages\/1200\/revisions"}],"wp:attachment":[{"href":"https:\/\/ries-equipment.com\/de\/wp-json\/wp\/v2\/media?parent=1200"}],"curies":[{"name":"wp","href":"https:\/\/api.w.org\/{rel}","templated":true}]}}